{"id":1012,"date":"2021-02-26T13:43:51","date_gmt":"2021-02-26T13:43:51","guid":{"rendered":"https:\/\/recasas.org\/kontakt\/"},"modified":"2025-09-12T18:36:57","modified_gmt":"2025-09-12T18:36:57","slug":"contact","status":"publish","type":"page","link":"https:\/\/recasas.org\/en\/contact\/","title":{"rendered":"CONTACT"},"content":{"rendered":"<div class=\"wpb-content-wrapper\"><p>[vc_row][vc_column][vc_column_text css=&#8221;&#8221;]Office (Gesch\u00e4ftsstelle)<\/p>\n<p><span style=\"color: #800000;\"><strong>RECASAS<\/strong><strong> gGmbH<\/strong><\/span><\/p>\n<p><span style=\"color: #800000;\"><strong>Stresemannstra\u00dfe 23<\/strong><\/span><\/p>\n<p><span style=\"color: #800000;\"><strong>10963 Berlin<\/strong><\/span><\/p>\n<p><span style=\"color: #000000;\">Email:<\/span> <a href=\"mailto:info@recasas.org\">info@recasas.org<\/a><\/p>\n<p>Phone: (030) 5490 9698<\/p>\n<p><strong>Executive Director (Gesch\u00e4ftsf\u00fchrung):<\/strong> Ingrid e Johnson <a href=\"mailto:ingrid@ingridejohnson.com\">ingrid@ingridejohnson.com<\/a><\/p>\n<p>RECASAS gGmbH; Registered Office: Berlin Charlottenburg Local Court &#8211; HRB 235920 B<\/p>\n<p>Tax Identification Number 27\/612\/08432<\/p>\n<p><strong>Tax Exemption Certificate <\/strong>(Freistellungsbescheid). RECASAS gmbH is Recognized as a nonprofit organization by the decision of the Berlin Tax Office for Corporations I dated July 3, 2025<\/p>\n<p>RECASAS gGmbH is recognized as a registered nonprofit organization and exempt from corporate and trade tax under \u00a75 Abs. 1 Nr. 9 KStG. It is also exempt from trade tax under \u00a73 Nr. 6 GewStG.<\/p>\n<p>[\/vc_column_text][\/vc_column][\/vc_row]<\/p>\n<\/div>","protected":false},"excerpt":{"rendered":"<p>[vc_row][vc_column][vc_column_text css=&#8221;&#8221;]Office (Gesch\u00e4ftsstelle) RECASAS gGmbH Stresemannstra\u00dfe 23 10963 Berlin Email: info@recasas.org Phone: (030) 5490 9698 Executive Director (Gesch\u00e4ftsf\u00fchrung): Ingrid e Johnson ingrid@ingridejohnson.com RECASAS gGmbH; Registered Office: Berlin Charlottenburg Local Court &#8211; HRB 235920 B Tax Identification Number 27\/612\/08432 Tax Exemption Certificate (Freistellungsbescheid). RECASAS gmbH is Recognized as a nonprofit organization by the decision of the [&hellip;]<\/p>\n","protected":false},"author":1,"featured_media":0,"parent":0,"menu_order":0,"comment_status":"closed","ping_status":"closed","template":"","meta":{"_bbp_topic_count":0,"_bbp_reply_count":0,"_bbp_total_topic_count":0,"_bbp_total_reply_count":0,"_bbp_voice_count":0,"_bbp_anonymous_reply_count":0,"_bbp_topic_count_hidden":0,"_bbp_reply_count_hidden":0,"_bbp_forum_subforum_count":0,"jnews_page_loop":{"enable_page_loop":"0","first_title":"Latest Post","second_title":"","header_type":"heading_6","header_background":"","header_text_color":"","layout":"right-sidebar","sidebar":"default-sidebar","second_sidebar":"default-sidebar","sticky_sidebar":"1","module":"3","boxed":"0","boxed_shadow":"0","box_shadow":"0","excerpt_length":"20","content_date":"default","date_custom":"Y\/m\/d","content_pagination":"nav_1","pagination_align":"center","show_navtext":"0","show_pageinfo":"0","post_offset":"0","posts_per_page":"5","include_post":"","exclude_post":"","include_category":"","exclude_category":"","include_author":"","include_tag":"","exclude_tag":"","sort_by":"latest","post_sticky":"0","main_custom_image_size":"default","second_custom_image_size":"default"},"jnews_single_page":{"layout":"no-sidebar","sidebar":"default-sidebar","second_sidebar":"default-sidebar","sticky_sidebar":"1","show_post_featured":"1","show_post_meta":"0","share_position":"top","share_color":"share-monocrhome","show_post_title":"1","show_post_breadcrumbs":"1"},"jnews_social_meta":{"fb_title":"","fb_description":"","fb_image":"","twitter_title":"","twitter_description":"","twitter_image":""},"footnotes":""},"coauthors":[25],"class_list":["post-1012","page","type-page","status-publish","hentry"],"_links":{"self":[{"href":"https:\/\/recasas.org\/en\/wp-json\/wp\/v2\/pages\/1012","targetHints":{"allow":["GET"]}}],"collection":[{"href":"https:\/\/recasas.org\/en\/wp-json\/wp\/v2\/pages"}],"about":[{"href":"https:\/\/recasas.org\/en\/wp-json\/wp\/v2\/types\/page"}],"author":[{"embeddable":true,"href":"https:\/\/recasas.org\/en\/wp-json\/wp\/v2\/users\/1"}],"replies":[{"embeddable":true,"href":"https:\/\/recasas.org\/en\/wp-json\/wp\/v2\/comments?post=1012"}],"version-history":[{"count":14,"href":"https:\/\/recasas.org\/en\/wp-json\/wp\/v2\/pages\/1012\/revisions"}],"predecessor-version":[{"id":2307,"href":"https:\/\/recasas.org\/en\/wp-json\/wp\/v2\/pages\/1012\/revisions\/2307"}],"wp:attachment":[{"href":"https:\/\/recasas.org\/en\/wp-json\/wp\/v2\/media?parent=1012"}],"wp:term":[{"taxonomy":"author","embeddable":true,"href":"https:\/\/recasas.org\/en\/wp-json\/wp\/v2\/coauthors?post=1012"}],"curies":[{"name":"wp","href":"https:\/\/api.w.org\/{rel}","templated":true}]}}